{"id":19,"date":"2024-04-01T17:16:23","date_gmt":"2024-04-01T15:16:23","guid":{"rendered":"https:\/\/www.xn--schnes-balsthal-btb.ch\/?page_id=19"},"modified":"2025-08-31T11:55:38","modified_gmt":"2025-08-31T09:55:38","slug":"stand-des-verfahrens","status":"publish","type":"page","link":"https:\/\/www.xn--schnes-balsthal-btb.ch\/?page_id=19","title":{"rendered":"Stand des Verfahrens"},"content":{"rendered":"\n<p>Stand des Verfahrens (Kurzfassung):&nbsp;<\/p>\n\n\n\n<p>Gegen alle drei Auflagen der OPR erhoben wir Einsprache. Diese Einsprachen wurden alle vom Gemeinderat abgelehnt.<\/p>\n\n\n\n<p>(Obwohl man bei der zweiten Auflage versprochen hat, man w\u00fcrde die Einsprachen gegen die verschiedenen Auflagen zum Schluss gemeinsam behandeln, hat man uns drei separate Verf\u00fcgungen geschickt. Das hat unn\u00f6tige Mehrkosten verursacht.)<\/p>\n\n\n\n<p>Gegen diese drei Verf\u00fcgungen haben wir drei Beschwerden an den Regierungsrat gerichtet. Die Antwort des Regierungsrates ist negativ. (Man hat Balsthal lediglich einen \u00dcberbauungs-Bonus f\u00fcr Nebengeb\u00e4ude gestrichen. Dieser w\u00fcrde die \u00fcberbaute Fl\u00e4che um die H\u00e4lfte vergr\u00f6ssern.) <\/p>\n\n\n\n<p>Nun haben wir das Solothurner Verwaltungsgericht angerufen. Die Klage ist h\u00e4ngig. <\/p>\n\n\n\n<p class=\"has-text-align-left\">Nun bitten wir Sie um <a href=\"https:\/\/www.xn--schnes-balsthal-btb.ch\/?page_id=21\" data-type=\"page\" data-id=\"21\">finanzielle Unterst\u00fctzung<\/a>.<br><br><\/p>\n\n\n\n<p class=\"has-text-align-right\"><br><br><sup>Weitere Unterseiten: <br><\/sup><a href=\"https:\/\/www.xn--schnes-balsthal-btb.ch\/?page_id=21\" data-type=\"page\" data-id=\"21\">Mithilfe und Spenden<\/a><br>&nbsp;&nbsp;&nbsp;&nbsp;<a href=\"https:\/\/www.xn--schnes-balsthal-btb.ch\/?page_id=6\" data-type=\"page\" data-id=\"6\">\u00dcber uns<\/a><br>&nbsp;&nbsp;&nbsp;&nbsp;<a href=\"https:\/\/www.xn--schnes-balsthal-btb.ch\/?page_id=23\" data-type=\"page\" data-id=\"23\">Kontakt<\/a><br>&nbsp;&nbsp;&nbsp;&nbsp;<a href=\"https:\/\/www.xn--schnes-balsthal-btb.ch\/?page_id=49\" data-type=\"page\" data-id=\"49\">Dokumente<\/a><\/p>\n\n\n\n<p><sup>Vorherige Seite: <\/sup><br><a href=\"https:\/\/www.xn--schnes-balsthal-btb.ch\/?page_id=17\" data-type=\"page\" data-id=\"17\">Die Fehler der Revision<\/a><\/p>\n","protected":false},"excerpt":{"rendered":"<p>Stand des Verfahrens (Kurzfassung):&nbsp; Gegen alle drei Auflagen der OPR erhoben wir Einsprache. Diese Einsprachen wurden alle vom Gemeinderat abgelehnt. (Obwohl man bei der zweiten Auflage versprochen hat, man w\u00fcrde die Einsprachen gegen die verschiedenen Auflagen zum Schluss gemeinsam behandeln, hat man uns drei separate Verf\u00fcgungen geschickt. Das hat unn\u00f6tige Mehrkosten verursacht.) Gegen diese drei [&hellip;]<\/p>\n","protected":false},"author":1,"featured_media":0,"parent":0,"menu_order":0,"comment_status":"closed","ping_status":"closed","template":"","meta":{"footnotes":""},"class_list":["post-19","page","type-page","status-publish","hentry"],"_links":{"self":[{"href":"https:\/\/www.xn--schnes-balsthal-btb.ch\/index.php?rest_route=\/wp\/v2\/pages\/19","targetHints":{"allow":["GET"]}}],"collection":[{"href":"https:\/\/www.xn--schnes-balsthal-btb.ch\/index.php?rest_route=\/wp\/v2\/pages"}],"about":[{"href":"https:\/\/www.xn--schnes-balsthal-btb.ch\/index.php?rest_route=\/wp\/v2\/types\/page"}],"author":[{"embeddable":true,"href":"https:\/\/www.xn--schnes-balsthal-btb.ch\/index.php?rest_route=\/wp\/v2\/users\/1"}],"replies":[{"embeddable":true,"href":"https:\/\/www.xn--schnes-balsthal-btb.ch\/index.php?rest_route=%2Fwp%2Fv2%2Fcomments&post=19"}],"version-history":[{"count":22,"href":"https:\/\/www.xn--schnes-balsthal-btb.ch\/index.php?rest_route=\/wp\/v2\/pages\/19\/revisions"}],"predecessor-version":[{"id":482,"href":"https:\/\/www.xn--schnes-balsthal-btb.ch\/index.php?rest_route=\/wp\/v2\/pages\/19\/revisions\/482"}],"wp:attachment":[{"href":"https:\/\/www.xn--schnes-balsthal-btb.ch\/index.php?rest_route=%2Fwp%2Fv2%2Fmedia&parent=19"}],"curies":[{"name":"wp","href":"https:\/\/api.w.org\/{rel}","templated":true}]}}