{"id":21,"date":"2024-04-01T17:16:52","date_gmt":"2024-04-01T15:16:52","guid":{"rendered":"https:\/\/www.xn--schnes-balsthal-btb.ch\/?page_id=21"},"modified":"2024-04-14T15:27:08","modified_gmt":"2024-04-14T13:27:08","slug":"mithilfespenden","status":"publish","type":"page","link":"https:\/\/www.xn--schnes-balsthal-btb.ch\/?page_id=21","title":{"rendered":"Mithilfe und Spenden"},"content":{"rendered":"\n<p>Sind Sie interessiert an einem wohnenswerten Balsthal? <\/p>\n\n\n\n<p>Wir finden, es lohnt sich zu k\u00e4mpfen, wie es die Verhinderung der Centravo zeigt.&nbsp;<\/p>\n\n\n\n<p>Seit mehreren Jahren setzen wir uns f\u00fcr eine vern\u00fcnftige und nachhaltige Entwicklung von Balsthal ein. Wir sind \u00fcberzeugt, dass wir mit ausreichenden Mitteln die schlimmsten Entwicklungen verhindern k\u00f6nnen. Wir haben schon unz\u00e4hlige Stunden und weit \u00fcber 20\u2019000 Franken aufgewendet.&nbsp;<\/p>\n\n\n\n<p>Leider m\u00fcssen wir jetzt gegen diese Revision auch gerichtlich vorgehen und ben\u00f6tigen <strong>dringend<\/strong> Ihr pers\u00f6nliches Engagement oder Ihre finanzielle <strong>Unterst\u00fctzung<\/strong>.<\/p>\n\n\n\n<p>Gemeinsam f\u00fcr eine nachhaltige Entwicklung von Balsthal!<\/p>\n\n\n\n<p>IG Sch\u00f6nes Balsthal<br>4710 Balsthal<br>Postkonto 15-125832-2,  IBAN: CH72 0900 0000 1512 5832 2<\/p>\n\n\n\n<p><\/p>\n\n\n\n<figure class=\"wp-block-image size-large\"><img loading=\"lazy\" decoding=\"async\" width=\"1024\" height=\"512\" src=\"https:\/\/www.xn--schnes-balsthal-btb.ch\/wp-content\/uploads\/2024\/04\/Einzahlungsschein-IG-Schoenes-Balsthal-mit-QR-Code-1--1024x512.jpg\" alt=\"\" class=\"wp-image-59\" srcset=\"https:\/\/www.xn--schnes-balsthal-btb.ch\/wp-content\/uploads\/2024\/04\/Einzahlungsschein-IG-Schoenes-Balsthal-mit-QR-Code-1--1024x512.jpg 1024w, https:\/\/www.xn--schnes-balsthal-btb.ch\/wp-content\/uploads\/2024\/04\/Einzahlungsschein-IG-Schoenes-Balsthal-mit-QR-Code-1--300x150.jpg 300w, https:\/\/www.xn--schnes-balsthal-btb.ch\/wp-content\/uploads\/2024\/04\/Einzahlungsschein-IG-Schoenes-Balsthal-mit-QR-Code-1--768x384.jpg 768w, https:\/\/www.xn--schnes-balsthal-btb.ch\/wp-content\/uploads\/2024\/04\/Einzahlungsschein-IG-Schoenes-Balsthal-mit-QR-Code-1--1536x768.jpg 1536w, https:\/\/www.xn--schnes-balsthal-btb.ch\/wp-content\/uploads\/2024\/04\/Einzahlungsschein-IG-Schoenes-Balsthal-mit-QR-Code-1--2048x1024.jpg 2048w\" sizes=\"auto, (max-width: 1024px) 100vw, 1024px\" \/><\/figure>\n\n\n\n<p>&nbsp;<\/p>\n\n\n\n<p>F\u00fcr das Ausdrucken: <a href=\"https:\/\/www.xn--schnes-balsthal-btb.ch\/wp-content\/uploads\/2024\/04\/Einzahlungsschein-IG-Schoenes-Balsthal-.pdf\" target=\"_blank\" rel=\"noreferrer noopener\">Einzahlungsschein (PDF A4)<\/a><\/p>\n\n\n\n<p><br><\/p>\n\n\n\n<p class=\"has-text-align-right\"><br><sup>Weitere Unterseiten: <br><\/sup>\u00a0\u00a0\u00a0\u00a0<a href=\"https:\/\/www.xn--schnes-balsthal-btb.ch\/?page_id=6\" data-type=\"page\" data-id=\"6\">\u00dcber uns<\/a><br>\u00a0\u00a0\u00a0\u00a0<a href=\"https:\/\/www.xn--schnes-balsthal-btb.ch\/?page_id=23\" data-type=\"page\" data-id=\"23\">Kontakt<\/a><br>\u00a0\u00a0\u00a0\u00a0<a href=\"https:\/\/www.xn--schnes-balsthal-btb.ch\/?page_id=49\" data-type=\"page\" data-id=\"49\">Dokumente<\/a><\/p>\n\n\n\n<p><sup>Vorherige Unterseiten: <\/sup><br><a href=\"https:\/\/www.xn--schnes-balsthal-btb.ch\/?page_id=17\" data-type=\"page\" data-id=\"17\">Die Fehler der Revision<\/a>\u00a0\u00a0\u00a0<br><a href=\"https:\/\/www.xn--schnes-balsthal-btb.ch\/?page_id=19\" data-type=\"page\" data-id=\"19\">Stand des Verfahrens<\/a><\/p>\n","protected":false},"excerpt":{"rendered":"<p>Sind Sie interessiert an einem wohnenswerten Balsthal? Wir finden, es lohnt sich zu k\u00e4mpfen, wie es die Verhinderung der Centravo zeigt.&nbsp; Seit mehreren Jahren setzen wir uns f\u00fcr eine vern\u00fcnftige und nachhaltige Entwicklung von Balsthal ein. Wir sind \u00fcberzeugt, dass wir mit ausreichenden Mitteln die schlimmsten Entwicklungen verhindern k\u00f6nnen. Wir haben schon unz\u00e4hlige Stunden und [&hellip;]<\/p>\n","protected":false},"author":1,"featured_media":0,"parent":0,"menu_order":0,"comment_status":"closed","ping_status":"closed","template":"","meta":{"footnotes":""},"class_list":["post-21","page","type-page","status-publish","hentry"],"_links":{"self":[{"href":"https:\/\/www.xn--schnes-balsthal-btb.ch\/index.php?rest_route=\/wp\/v2\/pages\/21","targetHints":{"allow":["GET"]}}],"collection":[{"href":"https:\/\/www.xn--schnes-balsthal-btb.ch\/index.php?rest_route=\/wp\/v2\/pages"}],"about":[{"href":"https:\/\/www.xn--schnes-balsthal-btb.ch\/index.php?rest_route=\/wp\/v2\/types\/page"}],"author":[{"embeddable":true,"href":"https:\/\/www.xn--schnes-balsthal-btb.ch\/index.php?rest_route=\/wp\/v2\/users\/1"}],"replies":[{"embeddable":true,"href":"https:\/\/www.xn--schnes-balsthal-btb.ch\/index.php?rest_route=%2Fwp%2Fv2%2Fcomments&post=21"}],"version-history":[{"count":25,"href":"https:\/\/www.xn--schnes-balsthal-btb.ch\/index.php?rest_route=\/wp\/v2\/pages\/21\/revisions"}],"predecessor-version":[{"id":378,"href":"https:\/\/www.xn--schnes-balsthal-btb.ch\/index.php?rest_route=\/wp\/v2\/pages\/21\/revisions\/378"}],"wp:attachment":[{"href":"https:\/\/www.xn--schnes-balsthal-btb.ch\/index.php?rest_route=%2Fwp%2Fv2%2Fmedia&parent=21"}],"curies":[{"name":"wp","href":"https:\/\/api.w.org\/{rel}","templated":true}]}}