{"id":23,"date":"2024-04-01T17:17:34","date_gmt":"2024-04-01T15:17:34","guid":{"rendered":"https:\/\/www.xn--schnes-balsthal-btb.ch\/?page_id=23"},"modified":"2024-04-14T15:31:58","modified_gmt":"2024-04-14T13:31:58","slug":"kontakt","status":"publish","type":"page","link":"https:\/\/www.xn--schnes-balsthal-btb.ch\/?page_id=23","title":{"rendered":"Kontakt"},"content":{"rendered":"\n<p><strong>Interessengemeinschaft Sch\u00f6nes Balsthal<\/strong> \/ team mitenand balsthal 2032&nbsp;<\/p>\n\n\n\n<p>     \u2013&nbsp; <em>sachlich und unparteiisch<\/em><\/p>\n\n\n\n<p><br>Bei Fragen und Anregungen: <br><br>Telefon 076 360 21 21 (auch Twint)<br>E-Mail: mail@sch\u00f6nes-balsthal.ch<\/p>\n\n\n\n<p><br>F\u00fcr Spenden:<\/p>\n\n\n\n<p>IG Sch\u00f6nes Balsthal<br>Postkonto 15-125832-2<br>IBAN: CH72 0900 0000 1512 5832 2<\/p>\n\n\n\n<p>\u00a0\u00a0<br>\u00a0\u00a0<\/p>\n\n\n\n<p class=\"has-text-align-right\"><sup>Weitere Unterseite: <br><\/sup><a href=\"https:\/\/www.xn--schnes-balsthal-btb.ch\/?page_id=49\" data-type=\"page\" data-id=\"49\">Dokumente<\/a><\/p>\n\n\n\n<p><sup>Vorherige Unterseiten: <\/sup><br><a href=\"https:\/\/www.xn--schnes-balsthal-btb.ch\/?page_id=17\" data-type=\"page\" data-id=\"17\">Die Fehler der Revision<\/a><br><a href=\"https:\/\/www.xn--schnes-balsthal-btb.ch\/?page_id=19\" data-type=\"page\" data-id=\"19\">Stand des Verfahrens<\/a><br><a href=\"https:\/\/www.xn--schnes-balsthal-btb.ch\/?page_id=21\" data-type=\"page\" data-id=\"21\">Mithilfe und Spenden<\/a><br><a href=\"https:\/\/www.xn--schnes-balsthal-btb.ch\/?page_id=6\" data-type=\"page\" data-id=\"6\">\u00dcber uns<\/a><\/p>\n","protected":false},"excerpt":{"rendered":"<p>Interessengemeinschaft Sch\u00f6nes Balsthal \/ team mitenand balsthal 2032&nbsp; \u2013&nbsp; sachlich und unparteiisch Bei Fragen und Anregungen: Telefon 076 360 21 21 (auch Twint)E-Mail: mail@sch\u00f6nes-balsthal.ch F\u00fcr Spenden: IG Sch\u00f6nes BalsthalPostkonto 15-125832-2IBAN: CH72 0900 0000 1512 5832 2 \u00a0\u00a0\u00a0\u00a0 Weitere Unterseite: Dokumente Vorherige Unterseiten: Die Fehler der RevisionStand des VerfahrensMithilfe und Spenden\u00dcber uns<\/p>\n","protected":false},"author":1,"featured_media":0,"parent":0,"menu_order":0,"comment_status":"closed","ping_status":"closed","template":"","meta":{"footnotes":""},"class_list":["post-23","page","type-page","status-publish","hentry"],"_links":{"self":[{"href":"https:\/\/www.xn--schnes-balsthal-btb.ch\/index.php?rest_route=\/wp\/v2\/pages\/23","targetHints":{"allow":["GET"]}}],"collection":[{"href":"https:\/\/www.xn--schnes-balsthal-btb.ch\/index.php?rest_route=\/wp\/v2\/pages"}],"about":[{"href":"https:\/\/www.xn--schnes-balsthal-btb.ch\/index.php?rest_route=\/wp\/v2\/types\/page"}],"author":[{"embeddable":true,"href":"https:\/\/www.xn--schnes-balsthal-btb.ch\/index.php?rest_route=\/wp\/v2\/users\/1"}],"replies":[{"embeddable":true,"href":"https:\/\/www.xn--schnes-balsthal-btb.ch\/index.php?rest_route=%2Fwp%2Fv2%2Fcomments&post=23"}],"version-history":[{"count":10,"href":"https:\/\/www.xn--schnes-balsthal-btb.ch\/index.php?rest_route=\/wp\/v2\/pages\/23\/revisions"}],"predecessor-version":[{"id":384,"href":"https:\/\/www.xn--schnes-balsthal-btb.ch\/index.php?rest_route=\/wp\/v2\/pages\/23\/revisions\/384"}],"wp:attachment":[{"href":"https:\/\/www.xn--schnes-balsthal-btb.ch\/index.php?rest_route=%2Fwp%2Fv2%2Fmedia&parent=23"}],"curies":[{"name":"wp","href":"https:\/\/api.w.org\/{rel}","templated":true}]}}