{"id":49,"date":"2024-04-02T11:13:23","date_gmt":"2024-04-02T09:13:23","guid":{"rendered":"https:\/\/www.xn--schnes-balsthal-btb.ch\/?page_id=49"},"modified":"2024-04-24T14:59:23","modified_gmt":"2024-04-24T12:59:23","slug":"dokumente-2","status":"publish","type":"page","link":"https:\/\/www.xn--schnes-balsthal-btb.ch\/?page_id=49","title":{"rendered":"Dokumente"},"content":{"rendered":"\n<p>Der Beschluss des Regierungsrates betreffend unserer und weiterer Beschwerden wurde als &#8222;nicht \u00f6ffentlich&#8220; gekennzeichnet, kann im Gegensatz dazu auf der Webseite des Kantons heruntergeladen werden. <a href=\"https:\/\/rrb.so.ch\/beschlussnummer\/2024_460\/\" target=\"_blank\" rel=\"noreferrer noopener nofollow\">https:\/\/rrb.so.ch\/beschlussnummer\/2024_460\/<\/a><br>\u00a0<\/p>\n\n\n\n<div data-wp-interactive=\"core\/file\" class=\"wp-block-file\"><object data-wp-bind--hidden=\"!state.hasPdfPreview\" hidden class=\"wp-block-file__embed\" data=\"https:\/\/www.xn--schnes-balsthal-btb.ch\/wp-content\/uploads\/2024\/04\/Zonenreglement_2Auflage-.pdf\" type=\"application\/pdf\" style=\"width:100%;height:600px\" aria-label=\"Einbettung von Neues Zonenreglement (2. Auflage).\"><\/object><a id=\"wp-block-file--media-09fbf058-dc57-4b21-9994-15d5bf77f06a\" href=\"https:\/\/www.xn--schnes-balsthal-btb.ch\/wp-content\/uploads\/2024\/04\/Zonenreglement_2Auflage-.pdf\">Neues Zonenreglement (2. Auflage)<\/a><a href=\"https:\/\/www.xn--schnes-balsthal-btb.ch\/wp-content\/uploads\/2024\/04\/Zonenreglement_2Auflage-.pdf\" class=\"wp-block-file__button wp-element-button\" download aria-describedby=\"wp-block-file--media-09fbf058-dc57-4b21-9994-15d5bf77f06a\">Herunterladen<\/a><\/div>\n\n\n\n<p>&nbsp;<\/p>\n\n\n\n<div data-wp-interactive=\"core\/file\" class=\"wp-block-file alignwide\"><object data-wp-bind--hidden=\"!state.hasPdfPreview\" hidden class=\"wp-block-file__embed\" data=\"https:\/\/www.xn--schnes-balsthal-btb.ch\/wp-content\/uploads\/2024\/04\/Beilage-1-Bauzonenplan-Dorf-.pdf\" type=\"application\/pdf\" style=\"width:100%;height:600px\" aria-label=\"Einbettung von Neuer Zonenplan Dorf.\"><\/object><a id=\"wp-block-file--media-b1843ae6-2047-42f6-a1f0-3c65b450cfcf\" href=\"https:\/\/www.xn--schnes-balsthal-btb.ch\/wp-content\/uploads\/2024\/04\/Beilage-1-Bauzonenplan-Dorf-.pdf\">Neuer Zonenplan Dorf<\/a><a href=\"https:\/\/www.xn--schnes-balsthal-btb.ch\/wp-content\/uploads\/2024\/04\/Beilage-1-Bauzonenplan-Dorf-.pdf\" class=\"wp-block-file__button wp-element-button\" download aria-describedby=\"wp-block-file--media-b1843ae6-2047-42f6-a1f0-3c65b450cfcf\">Herunterladen<\/a><\/div>\n\n\n\n<p>&nbsp;&nbsp;<\/p>\n\n\n\n<figure class=\"wp-block-image size-large\"><img decoding=\"async\" src=\"https:\/\/www.xn--schnes-balsthal-btb.ch\/wp-content\/uploads\/2024\/04\/Zonenplan-alt-2021-04-1-2-1024x772.jpg\" alt=\"\" class=\"wp-image-262\"\/><figcaption class=\"wp-element-caption\">Noch g\u00fcltiger Zonenplan mit mehr W2a<\/figcaption><\/figure>\n\n\n\n<div class=\"wp-block-file\"><a id=\"wp-block-file--media-ea562920-d0a7-4543-8dc6-da02ceb9ec6c\" href=\"https:\/\/www.xn--schnes-balsthal-btb.ch\/wp-content\/uploads\/2024\/04\/Zonenplan-alt-2021-04--scaled.jpg\">Noch g\u00fcltiger Zonenplan<\/a><a href=\"https:\/\/www.xn--schnes-balsthal-btb.ch\/wp-content\/uploads\/2024\/04\/Zonenplan-alt-2021-04--scaled.jpg\" class=\"wp-block-file__button wp-element-button\" download aria-describedby=\"wp-block-file--media-ea562920-d0a7-4543-8dc6-da02ceb9ec6c\">Herunterladen<\/a><\/div>\n\n\n\n<p>&nbsp;<\/p>\n\n\n\n<div data-wp-interactive=\"core\/file\" class=\"wp-block-file\"><object data-wp-bind--hidden=\"!state.hasPdfPreview\" hidden class=\"wp-block-file__embed\" data=\"https:\/\/www.xn--schnes-balsthal-btb.ch\/wp-content\/uploads\/2024\/04\/Zonenreglement.pdf\" type=\"application\/pdf\" style=\"width:100%;height:600px\" aria-label=\"Einbettung von Noch g\u00fcltiges Zonenreglement.\"><\/object><a id=\"wp-block-file--media-1ceae6a9-beb0-4a83-b909-b034b132a2d4\" href=\"https:\/\/www.xn--schnes-balsthal-btb.ch\/wp-content\/uploads\/2024\/04\/Zonenreglement.pdf\">Noch g\u00fcltiges Zonenreglement<\/a><a href=\"https:\/\/www.xn--schnes-balsthal-btb.ch\/wp-content\/uploads\/2024\/04\/Zonenreglement.pdf\" class=\"wp-block-file__button wp-element-button\" download aria-describedby=\"wp-block-file--media-1ceae6a9-beb0-4a83-b909-b034b132a2d4\">Herunterladen<\/a><\/div>\n\n\n\n<p>&nbsp;&nbsp;&nbsp;<\/p>\n\n\n\n<figure class=\"wp-block-image alignfull size-large\"><img loading=\"lazy\" decoding=\"async\" width=\"1024\" height=\"770\" src=\"https:\/\/www.xn--schnes-balsthal-btb.ch\/wp-content\/uploads\/2024\/04\/GP-Dorfkern-66-89-P-mark_8014px-1024x770.jpg\" alt=\"\" class=\"wp-image-392\" srcset=\"https:\/\/www.xn--schnes-balsthal-btb.ch\/wp-content\/uploads\/2024\/04\/GP-Dorfkern-66-89-P-mark_8014px-1024x770.jpg 1024w, https:\/\/www.xn--schnes-balsthal-btb.ch\/wp-content\/uploads\/2024\/04\/GP-Dorfkern-66-89-P-mark_8014px-300x226.jpg 300w, https:\/\/www.xn--schnes-balsthal-btb.ch\/wp-content\/uploads\/2024\/04\/GP-Dorfkern-66-89-P-mark_8014px-768x578.jpg 768w, https:\/\/www.xn--schnes-balsthal-btb.ch\/wp-content\/uploads\/2024\/04\/GP-Dorfkern-66-89-P-mark_8014px-1536x1156.jpg 1536w, https:\/\/www.xn--schnes-balsthal-btb.ch\/wp-content\/uploads\/2024\/04\/GP-Dorfkern-66-89-P-mark_8014px-2048x1541.jpg 2048w\" sizes=\"auto, (max-width: 1024px) 100vw, 1024px\" \/><\/figure>\n\n\n\n<p>Geplantes Parkhaus unter den historischen G\u00e4rten des alten Dorfkerns, siehe gestrichelte, rote Linie. (Einfahrt bei Migros-Rampe, Ausfahrt vis-\u00e0-vis Rosengarten. Plan von 1983!) \u2013 Daf\u00fcr sollen nun die B\u00e4ume fallen in den historischen G\u00e4rten.  <\/p>\n\n\n\n<div class=\"wp-block-file\"><a id=\"wp-block-file--media-bb3d6687-c186-4514-9652-596586f27137\" href=\"https:\/\/www.xn--schnes-balsthal-btb.ch\/wp-content\/uploads\/2024\/04\/GP-Dorfkern-66-89-P-mark_8014px-2-scaled.jpg\">Vergr\u00f6sserung des Plans ansehen \/ oder<\/a><a href=\"https:\/\/www.xn--schnes-balsthal-btb.ch\/wp-content\/uploads\/2024\/04\/GP-Dorfkern-66-89-P-mark_8014px-2-scaled.jpg\" class=\"wp-block-file__button wp-element-button\" download aria-describedby=\"wp-block-file--media-bb3d6687-c186-4514-9652-596586f27137\">hier herunterladen<\/a><\/div>\n\n\n\n<p><br><br><br>&nbsp;<br>&nbsp;<\/p>\n\n\n\n<h4 class=\"wp-block-heading alignwide\">Verhinderte Projekte<\/h4>\n\n\n\n<ul class=\"wp-block-list\">\n<li>Die Schlachtabf\u00e4lleverwertung der Centravo war in der N\u00e4he unserer Badi geplant. Zusammen mit dem Komitee gegen den Centravo-Neubau konnten wir das Projekt verhindern.<\/li>\n<\/ul>\n\n\n\n<figure class=\"wp-block-image size-large\"><img loading=\"lazy\" decoding=\"async\" width=\"1024\" height=\"714\" src=\"https:\/\/www.xn--schnes-balsthal-btb.ch\/wp-content\/uploads\/2024\/04\/Gefahrenkarte-mit-GP-kombiniert-crp-sw3--1024x714.jpg\" alt=\"\" class=\"wp-image-421\" srcset=\"https:\/\/www.xn--schnes-balsthal-btb.ch\/wp-content\/uploads\/2024\/04\/Gefahrenkarte-mit-GP-kombiniert-crp-sw3--1024x714.jpg 1024w, https:\/\/www.xn--schnes-balsthal-btb.ch\/wp-content\/uploads\/2024\/04\/Gefahrenkarte-mit-GP-kombiniert-crp-sw3--300x209.jpg 300w, https:\/\/www.xn--schnes-balsthal-btb.ch\/wp-content\/uploads\/2024\/04\/Gefahrenkarte-mit-GP-kombiniert-crp-sw3--768x536.jpg 768w, https:\/\/www.xn--schnes-balsthal-btb.ch\/wp-content\/uploads\/2024\/04\/Gefahrenkarte-mit-GP-kombiniert-crp-sw3--1536x1072.jpg 1536w, https:\/\/www.xn--schnes-balsthal-btb.ch\/wp-content\/uploads\/2024\/04\/Gefahrenkarte-mit-GP-kombiniert-crp-sw3-.jpg 1842w\" sizes=\"auto, (max-width: 1024px) 100vw, 1024px\" \/><figcaption class=\"wp-element-caption\">Gefahrenkarte kombiniert mit Gestaltungsplan Centravo<\/figcaption><\/figure>\n\n\n\n<ul class=\"wp-block-list\">\n<li>Das 1. H\u00f6ngerstrasse-Projekt, konnte verhindert werden. Das Projekt sah eine \u00fcbertriebene Ausn\u00fctzungs vor. (Ausn\u00fctzungsziffer 0.79 statt 0.4 \u2013 mit einem Mehrfamilienhaus-Bonus von 20% w\u00e4ren maximal 0.48 m\u00f6glich gewesen):<\/li>\n<\/ul>\n\n\n\n<figure class=\"wp-block-image size-large\"><img loading=\"lazy\" decoding=\"async\" width=\"1024\" height=\"604\" src=\"https:\/\/www.xn--schnes-balsthal-btb.ch\/wp-content\/uploads\/2024\/04\/Ansicht-Suedost-1b-Gebaeude-in-Foto--1024x604.jpg\" alt=\"\" class=\"wp-image-417\" srcset=\"https:\/\/www.xn--schnes-balsthal-btb.ch\/wp-content\/uploads\/2024\/04\/Ansicht-Suedost-1b-Gebaeude-in-Foto--1024x604.jpg 1024w, https:\/\/www.xn--schnes-balsthal-btb.ch\/wp-content\/uploads\/2024\/04\/Ansicht-Suedost-1b-Gebaeude-in-Foto--300x177.jpg 300w, https:\/\/www.xn--schnes-balsthal-btb.ch\/wp-content\/uploads\/2024\/04\/Ansicht-Suedost-1b-Gebaeude-in-Foto--768x453.jpg 768w, https:\/\/www.xn--schnes-balsthal-btb.ch\/wp-content\/uploads\/2024\/04\/Ansicht-Suedost-1b-Gebaeude-in-Foto--1536x906.jpg 1536w, https:\/\/www.xn--schnes-balsthal-btb.ch\/wp-content\/uploads\/2024\/04\/Ansicht-Suedost-1b-Gebaeude-in-Foto--2048x1208.jpg 2048w\" sizes=\"auto, (max-width: 1024px) 100vw, 1024px\" \/><figcaption class=\"wp-element-caption\">Zeichnung pr\u00e4zise, jedoch nicht ganz fachm\u00e4nnisch <\/figcaption><\/figure>\n\n\n\n<figure class=\"wp-block-image size-large\"><img loading=\"lazy\" decoding=\"async\" width=\"1024\" height=\"604\" src=\"https:\/\/www.xn--schnes-balsthal-btb.ch\/wp-content\/uploads\/2024\/04\/Ansicht-Suedost-1a-Foto-Quartier-1024x604.jpg\" alt=\"\" class=\"wp-image-416\" srcset=\"https:\/\/www.xn--schnes-balsthal-btb.ch\/wp-content\/uploads\/2024\/04\/Ansicht-Suedost-1a-Foto-Quartier-1024x604.jpg 1024w, https:\/\/www.xn--schnes-balsthal-btb.ch\/wp-content\/uploads\/2024\/04\/Ansicht-Suedost-1a-Foto-Quartier-300x177.jpg 300w, https:\/\/www.xn--schnes-balsthal-btb.ch\/wp-content\/uploads\/2024\/04\/Ansicht-Suedost-1a-Foto-Quartier-768x453.jpg 768w, https:\/\/www.xn--schnes-balsthal-btb.ch\/wp-content\/uploads\/2024\/04\/Ansicht-Suedost-1a-Foto-Quartier-1536x906.jpg 1536w, https:\/\/www.xn--schnes-balsthal-btb.ch\/wp-content\/uploads\/2024\/04\/Ansicht-Suedost-1a-Foto-Quartier-2048x1208.jpg 2048w\" sizes=\"auto, (max-width: 1024px) 100vw, 1024px\" \/><\/figure>\n\n\n\n<figure class=\"wp-block-image alignwide size-large\"><img loading=\"lazy\" decoding=\"async\" width=\"1024\" height=\"402\" src=\"https:\/\/www.xn--schnes-balsthal-btb.ch\/wp-content\/uploads\/2024\/04\/Ansicht-Sued-LIN_0793-Mit-Gebaeudekomplex-02--1024x402.jpeg\" alt=\"\" class=\"wp-image-418\" srcset=\"https:\/\/www.xn--schnes-balsthal-btb.ch\/wp-content\/uploads\/2024\/04\/Ansicht-Sued-LIN_0793-Mit-Gebaeudekomplex-02--1024x402.jpeg 1024w, https:\/\/www.xn--schnes-balsthal-btb.ch\/wp-content\/uploads\/2024\/04\/Ansicht-Sued-LIN_0793-Mit-Gebaeudekomplex-02--300x118.jpeg 300w, https:\/\/www.xn--schnes-balsthal-btb.ch\/wp-content\/uploads\/2024\/04\/Ansicht-Sued-LIN_0793-Mit-Gebaeudekomplex-02--768x301.jpeg 768w, https:\/\/www.xn--schnes-balsthal-btb.ch\/wp-content\/uploads\/2024\/04\/Ansicht-Sued-LIN_0793-Mit-Gebaeudekomplex-02--1536x603.jpeg 1536w, https:\/\/www.xn--schnes-balsthal-btb.ch\/wp-content\/uploads\/2024\/04\/Ansicht-Sued-LIN_0793-Mit-Gebaeudekomplex-02--2048x804.jpeg 2048w\" sizes=\"auto, (max-width: 1024px) 100vw, 1024px\" \/><figcaption class=\"wp-element-caption\">Zeichnung pr\u00e4zise, jedoch nicht ganz fachm\u00e4nnisch<\/figcaption><\/figure>\n\n\n\n<figure class=\"wp-block-image alignwide size-large\"><img loading=\"lazy\" decoding=\"async\" width=\"1024\" height=\"402\" src=\"https:\/\/www.xn--schnes-balsthal-btb.ch\/wp-content\/uploads\/2024\/04\/Ansicht-Sued-LIN_0793--1024x402.jpg\" alt=\"\" class=\"wp-image-419\" srcset=\"https:\/\/www.xn--schnes-balsthal-btb.ch\/wp-content\/uploads\/2024\/04\/Ansicht-Sued-LIN_0793--1024x402.jpg 1024w, https:\/\/www.xn--schnes-balsthal-btb.ch\/wp-content\/uploads\/2024\/04\/Ansicht-Sued-LIN_0793--300x118.jpg 300w, https:\/\/www.xn--schnes-balsthal-btb.ch\/wp-content\/uploads\/2024\/04\/Ansicht-Sued-LIN_0793--768x301.jpg 768w, https:\/\/www.xn--schnes-balsthal-btb.ch\/wp-content\/uploads\/2024\/04\/Ansicht-Sued-LIN_0793--1536x603.jpg 1536w, https:\/\/www.xn--schnes-balsthal-btb.ch\/wp-content\/uploads\/2024\/04\/Ansicht-Sued-LIN_0793--2048x804.jpg 2048w\" sizes=\"auto, (max-width: 1024px) 100vw, 1024px\" \/><\/figure>\n\n\n\n<p class=\"has-text-align-left\"><br>\u2022 Riesengeb\u00e4ude Rumimoos (Teilerfolg): <\/p>\n\n\n\n<figure class=\"wp-block-image size-large\"><img loading=\"lazy\" decoding=\"async\" width=\"864\" height=\"1024\" src=\"https:\/\/www.xn--schnes-balsthal-btb.ch\/wp-content\/uploads\/2024\/04\/2017-03-25-IMG_3945-864x1024.jpg\" alt=\"\" class=\"wp-image-424\" srcset=\"https:\/\/www.xn--schnes-balsthal-btb.ch\/wp-content\/uploads\/2024\/04\/2017-03-25-IMG_3945-864x1024.jpg 864w, https:\/\/www.xn--schnes-balsthal-btb.ch\/wp-content\/uploads\/2024\/04\/2017-03-25-IMG_3945-253x300.jpg 253w, https:\/\/www.xn--schnes-balsthal-btb.ch\/wp-content\/uploads\/2024\/04\/2017-03-25-IMG_3945-768x910.jpg 768w, https:\/\/www.xn--schnes-balsthal-btb.ch\/wp-content\/uploads\/2024\/04\/2017-03-25-IMG_3945-1296x1536.jpg 1296w, https:\/\/www.xn--schnes-balsthal-btb.ch\/wp-content\/uploads\/2024\/04\/2017-03-25-IMG_3945-1728x2048.jpg 1728w\" sizes=\"auto, (max-width: 864px) 100vw, 864px\" \/><figcaption class=\"wp-element-caption\">Geb\u00e4ude knapp 100m lang, 67m breit und 20 m hoch! Diese \u00fcbertriebene H\u00f6he konnten wir verhindern.<\/figcaption><\/figure>\n\n\n\n<div class=\"wp-block-columns is-layout-flex wp-container-core-columns-is-layout-1 wp-block-columns-is-layout-flex\">\n<div class=\"wp-block-column is-layout-flow wp-block-column-is-layout-flow\" style=\"flex-basis:100%\"><\/div>\n<\/div>\n\n\n\n<p><sup>Vorherige Unterseiten: <\/sup><br><a href=\"https:\/\/www.xn--schnes-balsthal-btb.ch\/?page_id=17\" data-type=\"page\" data-id=\"17\">Die Fehler der Revision<\/a><br><a href=\"https:\/\/www.xn--schnes-balsthal-btb.ch\/?page_id=19\" data-type=\"page\" data-id=\"19\">Stand des Verfahrens<\/a><br><a href=\"https:\/\/www.xn--schnes-balsthal-btb.ch\/?page_id=21\" data-type=\"page\" data-id=\"21\">Mithilfe und Spenden<\/a><br><a href=\"https:\/\/www.xn--schnes-balsthal-btb.ch\/?page_id=6\" data-type=\"page\" data-id=\"6\">\u00dcber uns<\/a><br><a href=\"https:\/\/www.xn--schnes-balsthal-btb.ch\/?page_id=23\" data-type=\"page\" data-id=\"23\">Kontakt<\/a><\/p>\n","protected":false},"excerpt":{"rendered":"<p>Der Beschluss des Regierungsrates betreffend unserer und weiterer Beschwerden wurde als &#8222;nicht \u00f6ffentlich&#8220; gekennzeichnet, kann im Gegensatz dazu auf der Webseite des Kantons heruntergeladen werden. https:\/\/rrb.so.ch\/beschlussnummer\/2024_460\/\u00a0 &nbsp; &nbsp;&nbsp; &nbsp; &nbsp;&nbsp;&nbsp; Geplantes Parkhaus unter den historischen G\u00e4rten des alten Dorfkerns, siehe gestrichelte, rote Linie. (Einfahrt bei Migros-Rampe, Ausfahrt vis-\u00e0-vis Rosengarten. Plan von 1983!) \u2013 Daf\u00fcr sollen [&hellip;]<\/p>\n","protected":false},"author":1,"featured_media":0,"parent":0,"menu_order":0,"comment_status":"closed","ping_status":"closed","template":"","meta":{"footnotes":""},"class_list":["post-49","page","type-page","status-publish","hentry"],"_links":{"self":[{"href":"https:\/\/www.xn--schnes-balsthal-btb.ch\/index.php?rest_route=\/wp\/v2\/pages\/49","targetHints":{"allow":["GET"]}}],"collection":[{"href":"https:\/\/www.xn--schnes-balsthal-btb.ch\/index.php?rest_route=\/wp\/v2\/pages"}],"about":[{"href":"https:\/\/www.xn--schnes-balsthal-btb.ch\/index.php?rest_route=\/wp\/v2\/types\/page"}],"author":[{"embeddable":true,"href":"https:\/\/www.xn--schnes-balsthal-btb.ch\/index.php?rest_route=\/wp\/v2\/users\/1"}],"replies":[{"embeddable":true,"href":"https:\/\/www.xn--schnes-balsthal-btb.ch\/index.php?rest_route=%2Fwp%2Fv2%2Fcomments&post=49"}],"version-history":[{"count":47,"href":"https:\/\/www.xn--schnes-balsthal-btb.ch\/index.php?rest_route=\/wp\/v2\/pages\/49\/revisions"}],"predecessor-version":[{"id":443,"href":"https:\/\/www.xn--schnes-balsthal-btb.ch\/index.php?rest_route=\/wp\/v2\/pages\/49\/revisions\/443"}],"wp:attachment":[{"href":"https:\/\/www.xn--schnes-balsthal-btb.ch\/index.php?rest_route=%2Fwp%2Fv2%2Fmedia&parent=49"}],"curies":[{"name":"wp","href":"https:\/\/api.w.org\/{rel}","templated":true}]}}