{"id":6,"date":"2024-04-01T07:16:15","date_gmt":"2024-04-01T07:16:15","guid":{"rendered":"https:\/\/www.xn--schnes-balsthal-btb.ch\/?page_id=6"},"modified":"2024-04-18T17:26:28","modified_gmt":"2024-04-18T15:26:28","slug":"ueber-uns","status":"publish","type":"page","link":"https:\/\/www.xn--schnes-balsthal-btb.ch\/?page_id=6","title":{"rendered":"\u00dcber uns"},"content":{"rendered":"\n<figure class=\"wp-block-image alignfull size-large\"><img loading=\"lazy\" decoding=\"async\" width=\"1024\" height=\"445\" src=\"https:\/\/www.xn--schnes-balsthal-btb.ch\/wp-content\/uploads\/2024\/04\/DJI_0111-2916px-1024x445.jpg\" alt=\"\" class=\"wp-image-329\" srcset=\"https:\/\/www.xn--schnes-balsthal-btb.ch\/wp-content\/uploads\/2024\/04\/DJI_0111-2916px-1024x445.jpg 1024w, https:\/\/www.xn--schnes-balsthal-btb.ch\/wp-content\/uploads\/2024\/04\/DJI_0111-2916px-300x130.jpg 300w, https:\/\/www.xn--schnes-balsthal-btb.ch\/wp-content\/uploads\/2024\/04\/DJI_0111-2916px-768x334.jpg 768w, https:\/\/www.xn--schnes-balsthal-btb.ch\/wp-content\/uploads\/2024\/04\/DJI_0111-2916px-1536x668.jpg 1536w, https:\/\/www.xn--schnes-balsthal-btb.ch\/wp-content\/uploads\/2024\/04\/DJI_0111-2916px-2048x891.jpg 2048w\" sizes=\"auto, (max-width: 1024px) 100vw, 1024px\" \/><figcaption class=\"wp-element-caption\">\u00a9 sch\u00f6nes-balsthal.ch<\/figcaption><\/figure>\n\n\n\n<p>Die Interessengemeinschaft Sch\u00f6nes Balsthal (ehemals team mitenand balsthal 2032) sind interessierte und interessante Menschen, denen ein qualitativ hohes Wohnen und Leben am Herzen liegt.&nbsp;Seit Jahren k\u00e4mpfen wir gemeinsam f\u00fcr ein lebenswertes, sch\u00f6nes Balsthal.<\/p>\n\n\n\n<p>Unsere Interessengemeinschaft ist sachlicher Natur, nicht profitorientiert und keiner Partei untergeordnet.&nbsp;<\/p>\n\n\n\n<p>Mit dieser Webseite versuchen wir aktuell, die Fehler der Ortsplanung verst\u00e4ndlich aufzuzeigen und die <a href=\"https:\/\/www.sch\u00f6nes-balsthal.ch\/?page_id=21\">Unterst\u00fctzung<\/a> unserer Mitb\u00fcrger zu gewinnen, um Geld f\u00fcr den Rechtsweg zu sammeln.<\/p>\n\n\n\n<p>\u00a0<br>Linus Walter, Regula Walter, Roland Strasser, Hansruedi Schaller, Claudia Hubler, Jean-Pierre Dreyer und viele weitere. <\/p>\n\n\n\n<p>(Hier k\u00f6nnte auch dein Name stehen.)<br><br><\/p>\n\n\n\n<p>Diese Webseite befindet sich im Aufbau.<\/p>\n\n\n\n<p>&nbsp;<\/p>\n\n\n\n<p class=\"has-text-align-right\"><sup>Weitere Unterseiten: <br><\/sup>&nbsp;<a href=\"https:\/\/www.xn--schnes-balsthal-btb.ch\/?page_id=23\" data-type=\"page\" data-id=\"23\">Kontakt<\/a><br><a href=\"https:\/\/www.xn--schnes-balsthal-btb.ch\/?page_id=49\" data-type=\"page\" data-id=\"49\">Dokumente<\/a><\/p>\n\n\n\n<p><sup>Vorherige Unterseiten: <\/sup><br><a href=\"https:\/\/www.xn--schnes-balsthal-btb.ch\/?page_id=17\" data-type=\"page\" data-id=\"17\">Die Fehler der Revision<\/a><br><a href=\"https:\/\/www.xn--schnes-balsthal-btb.ch\/?page_id=19\" data-type=\"page\" data-id=\"19\">Stand des Verfahrens<\/a><br><a href=\"https:\/\/www.xn--schnes-balsthal-btb.ch\/?page_id=21\" data-type=\"page\" data-id=\"21\">Mithilfe und Spenden<\/a><\/p>\n","protected":false},"excerpt":{"rendered":"<p>Die Interessengemeinschaft Sch\u00f6nes Balsthal (ehemals team mitenand balsthal 2032) sind interessierte und interessante Menschen, denen ein qualitativ hohes Wohnen und Leben am Herzen liegt.&nbsp;Seit Jahren k\u00e4mpfen wir gemeinsam f\u00fcr ein lebenswertes, sch\u00f6nes Balsthal. Unsere Interessengemeinschaft ist sachlicher Natur, nicht profitorientiert und keiner Partei untergeordnet.&nbsp; Mit dieser Webseite versuchen wir aktuell, die Fehler der Ortsplanung verst\u00e4ndlich [&hellip;]<\/p>\n","protected":false},"author":1,"featured_media":0,"parent":0,"menu_order":0,"comment_status":"closed","ping_status":"closed","template":"","meta":{"footnotes":"[]"},"class_list":["post-6","page","type-page","status-publish","hentry"],"_links":{"self":[{"href":"https:\/\/www.xn--schnes-balsthal-btb.ch\/index.php?rest_route=\/wp\/v2\/pages\/6","targetHints":{"allow":["GET"]}}],"collection":[{"href":"https:\/\/www.xn--schnes-balsthal-btb.ch\/index.php?rest_route=\/wp\/v2\/pages"}],"about":[{"href":"https:\/\/www.xn--schnes-balsthal-btb.ch\/index.php?rest_route=\/wp\/v2\/types\/page"}],"author":[{"embeddable":true,"href":"https:\/\/www.xn--schnes-balsthal-btb.ch\/index.php?rest_route=\/wp\/v2\/users\/1"}],"replies":[{"embeddable":true,"href":"https:\/\/www.xn--schnes-balsthal-btb.ch\/index.php?rest_route=%2Fwp%2Fv2%2Fcomments&post=6"}],"version-history":[{"count":49,"href":"https:\/\/www.xn--schnes-balsthal-btb.ch\/index.php?rest_route=\/wp\/v2\/pages\/6\/revisions"}],"predecessor-version":[{"id":391,"href":"https:\/\/www.xn--schnes-balsthal-btb.ch\/index.php?rest_route=\/wp\/v2\/pages\/6\/revisions\/391"}],"wp:attachment":[{"href":"https:\/\/www.xn--schnes-balsthal-btb.ch\/index.php?rest_route=%2Fwp%2Fv2%2Fmedia&parent=6"}],"curies":[{"name":"wp","href":"https:\/\/api.w.org\/{rel}","templated":true}]}}